{"id":27526,"date":"2025-04-15T19:45:46","date_gmt":"2025-04-15T17:45:46","guid":{"rendered":"https:\/\/snowarena.lt\/?page_id=27526"},"modified":"2026-01-05T08:07:03","modified_gmt":"2026-01-05T06:07:03","slug":"godziny-pracy","status":"publish","type":"page","link":"https:\/\/snowarena.lt\/pl\/godziny-pracy\/","title":{"rendered":"Godziny pracy"},"content":{"rendered":"\t\t<div data-elementor-type=\"wp-page\" data-elementor-id=\"27526\" class=\"elementor elementor-27526 elementor-24927\">\n\t\t\t\t\t\t<section class=\"elementor-section elementor-top-section elementor-element elementor-element-3b69c0c0 elementor-section-boxed elementor-section-height-default elementor-section-height-default sc_fly_static\" data-id=\"3b69c0c0\" data-element_type=\"section\" data-settings=\"{&quot;background_background&quot;:&quot;classic&quot;}\">\n\t\t\t\t\t\t<div class=\"elementor-container elementor-column-gap-extended\">\n\t\t\t\t\t<div class=\"elementor-column elementor-col-100 elementor-top-column elementor-element elementor-element-a862722 sc_content_align_inherit sc_layouts_column_icons_position_left sc_fly_static\" data-id=\"a862722\" data-element_type=\"column\">\n\t\t\t<div class=\"elementor-widget-wrap elementor-element-populated\">\n\t\t\t\t\t\t<div class=\"elementor-element elementor-element-49ef12e2 sc_height_huge sc_fly_static elementor-widget elementor-widget-spacer\" data-id=\"49ef12e2\" data-element_type=\"widget\" data-widget_type=\"spacer.default\">\n\t\t\t\t<div class=\"elementor-widget-container\">\n\t\t\t\t\t\t\t<div class=\"elementor-spacer\">\n\t\t\t<div class=\"elementor-spacer-inner\"><\/div>\n\t\t<\/div>\n\t\t\t\t\t\t<\/div>\n\t\t\t\t<\/div>\n\t\t\t\t<section class=\"elementor-section elementor-inner-section elementor-element elementor-element-7729ccd1 elementor-section-full_width work-time-block elementor-section-height-default elementor-section-height-default sc_fly_static\" data-id=\"7729ccd1\" data-element_type=\"section\">\n\t\t\t\t\t\t<div class=\"elementor-container elementor-column-gap-no\">\n\t\t\t\t\t<div class=\"elementor-column elementor-col-100 elementor-inner-column elementor-element elementor-element-428c83de sc_content_align_inherit sc_layouts_column_icons_position_left sc_fly_static\" data-id=\"428c83de\" data-element_type=\"column\">\n\t\t\t<div class=\"elementor-widget-wrap elementor-element-populated\">\n\t\t\t\t\t\t<div class=\"elementor-element elementor-element-5450368d sc_fly_static elementor-widget elementor-widget-trx_sc_title\" data-id=\"5450368d\" data-element_type=\"widget\" data-widget_type=\"trx_sc_title.default\">\n\t\t\t\t<div class=\"elementor-widget-container\">\n\t\t\t\t\t<div\t\tclass=\"sc_title sc_title_default\" ><h3 class=\"sc_item_title sc_title_title sc_item_title_style_default sc_item_title_tag\"\n\t\t\t><span class=\"sc_item_title_text\">Godziny pracy stok\u00f3w narciarskich<\/span><\/h3><\/div>\t\t\t\t<\/div>\n\t\t\t\t<\/div>\n\t\t\t\t<div class=\"elementor-element elementor-element-252d199e elementor-widget__width-initial work-time work-time-row sc_fly_static elementor-widget elementor-widget-trx_sc_icons\" data-id=\"252d199e\" data-element_type=\"widget\" data-widget_type=\"trx_sc_icons.default\">\n\t\t\t\t<div class=\"elementor-widget-container\">\n\t\t\t\t\t<div \tclass=\"sc_icons sc_icons_default sc_icons_size_small sc_align_none\" ><div class=\"sc_icons_columns_wrap sc_item_columns trx_addons_columns_wrap columns_padding_bottom columns_in_single_row\" ><div class=\"trx_addons_column-1_7 trx_addons_column-1_1-tablet\"><div class=\"sc_icons_item\"><div class=\"sc_icons_item_details\"><h4 class=\"sc_icons_item_title\"><span>Poniedzia\u0142ek<\/span><\/h4><div class=\"sc_icons_item_description\"><span>10:00 - 19:00<\/span><\/div><\/div><\/div><\/div><div class=\"trx_addons_column-1_7 trx_addons_column-1_1-tablet\"><div class=\"sc_icons_item\"><div class=\"sc_icons_item_details\"><h4 class=\"sc_icons_item_title\"><span>Wtorek<\/span><\/h4><div class=\"sc_icons_item_description\"><span>10:00 - 19:00<\/span><\/div><\/div><\/div><\/div><div class=\"trx_addons_column-1_7 trx_addons_column-1_1-tablet\"><div class=\"sc_icons_item\"><div class=\"sc_icons_item_details\"><h4 class=\"sc_icons_item_title\"><span>\u015aroda<\/span><\/h4><div class=\"sc_icons_item_description\"><span>10:00 - 19:00<\/span><\/div><\/div><\/div><\/div><div class=\"trx_addons_column-1_7 trx_addons_column-1_1-tablet\"><div class=\"sc_icons_item\"><div class=\"sc_icons_item_details\"><h4 class=\"sc_icons_item_title\"><span>Czwartek<\/span><\/h4><div class=\"sc_icons_item_description\"><span>10:00 - 19:00<\/span><\/div><\/div><\/div><\/div><div class=\"trx_addons_column-1_7 trx_addons_column-1_1-tablet\"><div class=\"sc_icons_item\"><div class=\"sc_icons_item_details\"><h4 class=\"sc_icons_item_title\"><span>Pi\u0105tek<\/span><\/h4><div class=\"sc_icons_item_description\"><span>10:00 - 22:00<\/span><\/div><\/div><\/div><\/div><div class=\"trx_addons_column-1_7 trx_addons_column-1_1-tablet\"><div class=\"sc_icons_item with_more\"><div class=\"sc_icons_item_details\"><h4 class=\"sc_icons_item_title\"><span>Sobota<\/span><\/h4><div class=\"sc_icons_item_description\"><span>10:00 - 22:00<\/span><\/div><\/div><\/div><\/div><div class=\"trx_addons_column-1_7 trx_addons_column-1_1-tablet\"><div class=\"sc_icons_item\"><div class=\"sc_icons_item_details\"><h4 class=\"sc_icons_item_title\"><span>Niedziela<\/span><\/h4><div class=\"sc_icons_item_description\"><span>10:00 - 19:00<\/span><\/div><\/div><\/div><\/div><\/div><\/div><!-- \/.sc_icons -->\t\t\t\t<\/div>\n\t\t\t\t<\/div>\n\t\t\t\t\t<\/div>\n\t\t<\/div>\n\t\t\t\t\t<\/div>\n\t\t<\/section>\n\t\t\t\t<div class=\"elementor-element elementor-element-2bcc07df sc_height_small sc_fly_static elementor-widget elementor-widget-spacer\" data-id=\"2bcc07df\" data-element_type=\"widget\" data-widget_type=\"spacer.default\">\n\t\t\t\t<div class=\"elementor-widget-container\">\n\t\t\t\t\t\t\t<div class=\"elementor-spacer\">\n\t\t\t<div class=\"elementor-spacer-inner\"><\/div>\n\t\t<\/div>\n\t\t\t\t\t\t<\/div>\n\t\t\t\t<\/div>\n\t\t\t\t\t<\/div>\n\t\t<\/div>\n\t\t\t\t\t<\/div>\n\t\t<\/section>\n\t\t\t\t<section class=\"elementor-section elementor-top-section elementor-element elementor-element-6144e2f working-time elementor-section-boxed elementor-section-height-default elementor-section-height-default sc_fly_static\" data-id=\"6144e2f\" data-element_type=\"section\">\n\t\t\t\t\t\t<div class=\"elementor-container elementor-column-gap-extended\">\n\t\t\t\t\t<div class=\"elementor-column elementor-col-100 elementor-top-column elementor-element elementor-element-d1dcc0b sc_content_align_inherit sc_layouts_column_icons_position_left sc_fly_static\" data-id=\"d1dcc0b\" data-element_type=\"column\">\n\t\t\t<div class=\"elementor-widget-wrap\">\n\t\t\t\t\t\t\t<\/div>\n\t\t<\/div>\n\t\t\t\t\t<\/div>\n\t\t<\/section>\n\t\t\t\t<\/div>\n\t\t","protected":false},"excerpt":{"rendered":"<p>Godziny pracy stok\u00f3w narciarskich Poniedzia\u0142ek 10:00 &#8211; 19:00 Wtorek 10:00 &#8211; 19:00 \u015aroda 10:00 &#8211; 19:00 Czwartek 10:00 &#8211; 19:00 Pi\u0105tek 10:00 &#8211; 22:00 Sobota 10:00 &#8211; 22:00 Niedziela 10:00&hellip;<\/p>\n","protected":false},"author":1,"featured_media":0,"parent":0,"menu_order":0,"comment_status":"closed","ping_status":"closed","template":"","meta":{"inline_featured_image":false,"footnotes":""},"class_list":["post-27526","page","type-page","status-publish","hentry"],"acf":[],"yoast_head":"<!-- This site is optimized with the Yoast SEO plugin v26.5 - https:\/\/yoast.com\/wordpress\/plugins\/seo\/ -->\n<title>Godziny pracy - Snowarena.lt<\/title>\n<meta name=\"robots\" content=\"index, follow, max-snippet:-1, max-image-preview:large, max-video-preview:-1\" \/>\n<link rel=\"canonical\" href=\"https:\/\/snowarena.lt\/pl\/godziny-pracy\/\" \/>\n<meta property=\"og:locale\" content=\"pl_PL\" \/>\n<meta property=\"og:type\" content=\"article\" \/>\n<meta property=\"og:title\" content=\"Godziny pracy - Snowarena.lt\" \/>\n<meta property=\"og:description\" content=\"Godziny pracy stok\u00f3w narciarskich Poniedzia\u0142ek 10:00 &#8211; 19:00 Wtorek 10:00 &#8211; 19:00 \u015aroda 10:00 &#8211; 19:00 Czwartek 10:00 &#8211; 19:00 Pi\u0105tek 10:00 &#8211; 22:00 Sobota 10:00 &#8211; 22:00 Niedziela 10:00&hellip;\" \/>\n<meta property=\"og:url\" content=\"https:\/\/snowarena.lt\/pl\/godziny-pracy\/\" \/>\n<meta property=\"og:site_name\" content=\"Snowarena.lt\" \/>\n<meta property=\"article:modified_time\" content=\"2026-01-05T06:07:03+00:00\" \/>\n<meta name=\"twitter:card\" content=\"summary_large_image\" \/>\n<meta name=\"twitter:label1\" content=\"Szacowany czas czytania\" \/>\n\t<meta name=\"twitter:data1\" content=\"1 minuta\" \/>\n<script type=\"application\/ld+json\" class=\"yoast-schema-graph\">{\"@context\":\"https:\/\/schema.org\",\"@graph\":[{\"@type\":\"WebPage\",\"@id\":\"https:\/\/snowarena.lt\/pl\/godziny-pracy\/\",\"url\":\"https:\/\/snowarena.lt\/pl\/godziny-pracy\/\",\"name\":\"Godziny pracy - Snowarena.lt\",\"isPartOf\":{\"@id\":\"https:\/\/snowarena.lt\/pl\/#website\"},\"datePublished\":\"2025-04-15T17:45:46+00:00\",\"dateModified\":\"2026-01-05T06:07:03+00:00\",\"breadcrumb\":{\"@id\":\"https:\/\/snowarena.lt\/pl\/godziny-pracy\/#breadcrumb\"},\"inLanguage\":\"pl-PL\",\"potentialAction\":[{\"@type\":\"ReadAction\",\"target\":[\"https:\/\/snowarena.lt\/pl\/godziny-pracy\/\"]}]},{\"@type\":\"BreadcrumbList\",\"@id\":\"https:\/\/snowarena.lt\/pl\/godziny-pracy\/#breadcrumb\",\"itemListElement\":[{\"@type\":\"ListItem\",\"position\":1,\"name\":\"Home\",\"item\":\"https:\/\/snowarena.lt\/pl\/\"},{\"@type\":\"ListItem\",\"position\":2,\"name\":\"Godziny pracy\"}]},{\"@type\":\"WebSite\",\"@id\":\"https:\/\/snowarena.lt\/pl\/#website\",\"url\":\"https:\/\/snowarena.lt\/pl\/\",\"name\":\"Snowarena.lt\",\"description\":\"\",\"publisher\":{\"@id\":\"https:\/\/snowarena.lt\/pl\/#organization\"},\"potentialAction\":[{\"@type\":\"SearchAction\",\"target\":{\"@type\":\"EntryPoint\",\"urlTemplate\":\"https:\/\/snowarena.lt\/pl\/?s={search_term_string}\"},\"query-input\":{\"@type\":\"PropertyValueSpecification\",\"valueRequired\":true,\"valueName\":\"search_term_string\"}}],\"inLanguage\":\"pl-PL\"},{\"@type\":\"Organization\",\"@id\":\"https:\/\/snowarena.lt\/pl\/#organization\",\"name\":\"Snowarena.lt\",\"url\":\"https:\/\/snowarena.lt\/pl\/\",\"logo\":{\"@type\":\"ImageObject\",\"inLanguage\":\"pl-PL\",\"@id\":\"https:\/\/snowarena.lt\/pl\/#\/schema\/logo\/image\/\",\"url\":\"https:\/\/snowarena.lt\/wp-content\/uploads\/2025\/02\/snowarena-logo.png\",\"contentUrl\":\"https:\/\/snowarena.lt\/wp-content\/uploads\/2025\/02\/snowarena-logo.png\",\"width\":961,\"height\":425,\"caption\":\"Snowarena.lt\"},\"image\":{\"@id\":\"https:\/\/snowarena.lt\/pl\/#\/schema\/logo\/image\/\"}}]}<\/script>\n<!-- \/ Yoast SEO plugin. -->","yoast_head_json":{"title":"Godziny pracy - Snowarena.lt","robots":{"index":"index","follow":"follow","max-snippet":"max-snippet:-1","max-image-preview":"max-image-preview:large","max-video-preview":"max-video-preview:-1"},"canonical":"https:\/\/snowarena.lt\/pl\/godziny-pracy\/","og_locale":"pl_PL","og_type":"article","og_title":"Godziny pracy - Snowarena.lt","og_description":"Godziny pracy stok\u00f3w narciarskich Poniedzia\u0142ek 10:00 &#8211; 19:00 Wtorek 10:00 &#8211; 19:00 \u015aroda 10:00 &#8211; 19:00 Czwartek 10:00 &#8211; 19:00 Pi\u0105tek 10:00 &#8211; 22:00 Sobota 10:00 &#8211; 22:00 Niedziela 10:00&hellip;","og_url":"https:\/\/snowarena.lt\/pl\/godziny-pracy\/","og_site_name":"Snowarena.lt","article_modified_time":"2026-01-05T06:07:03+00:00","twitter_card":"summary_large_image","twitter_misc":{"Szacowany czas czytania":"1 minuta"},"schema":{"@context":"https:\/\/schema.org","@graph":[{"@type":"WebPage","@id":"https:\/\/snowarena.lt\/pl\/godziny-pracy\/","url":"https:\/\/snowarena.lt\/pl\/godziny-pracy\/","name":"Godziny pracy - Snowarena.lt","isPartOf":{"@id":"https:\/\/snowarena.lt\/pl\/#website"},"datePublished":"2025-04-15T17:45:46+00:00","dateModified":"2026-01-05T06:07:03+00:00","breadcrumb":{"@id":"https:\/\/snowarena.lt\/pl\/godziny-pracy\/#breadcrumb"},"inLanguage":"pl-PL","potentialAction":[{"@type":"ReadAction","target":["https:\/\/snowarena.lt\/pl\/godziny-pracy\/"]}]},{"@type":"BreadcrumbList","@id":"https:\/\/snowarena.lt\/pl\/godziny-pracy\/#breadcrumb","itemListElement":[{"@type":"ListItem","position":1,"name":"Home","item":"https:\/\/snowarena.lt\/pl\/"},{"@type":"ListItem","position":2,"name":"Godziny pracy"}]},{"@type":"WebSite","@id":"https:\/\/snowarena.lt\/pl\/#website","url":"https:\/\/snowarena.lt\/pl\/","name":"Snowarena.lt","description":"","publisher":{"@id":"https:\/\/snowarena.lt\/pl\/#organization"},"potentialAction":[{"@type":"SearchAction","target":{"@type":"EntryPoint","urlTemplate":"https:\/\/snowarena.lt\/pl\/?s={search_term_string}"},"query-input":{"@type":"PropertyValueSpecification","valueRequired":true,"valueName":"search_term_string"}}],"inLanguage":"pl-PL"},{"@type":"Organization","@id":"https:\/\/snowarena.lt\/pl\/#organization","name":"Snowarena.lt","url":"https:\/\/snowarena.lt\/pl\/","logo":{"@type":"ImageObject","inLanguage":"pl-PL","@id":"https:\/\/snowarena.lt\/pl\/#\/schema\/logo\/image\/","url":"https:\/\/snowarena.lt\/wp-content\/uploads\/2025\/02\/snowarena-logo.png","contentUrl":"https:\/\/snowarena.lt\/wp-content\/uploads\/2025\/02\/snowarena-logo.png","width":961,"height":425,"caption":"Snowarena.lt"},"image":{"@id":"https:\/\/snowarena.lt\/pl\/#\/schema\/logo\/image\/"}}]}},"_links":{"self":[{"href":"https:\/\/snowarena.lt\/pl\/wp-json\/wp\/v2\/pages\/27526","targetHints":{"allow":["GET"]}}],"collection":[{"href":"https:\/\/snowarena.lt\/pl\/wp-json\/wp\/v2\/pages"}],"about":[{"href":"https:\/\/snowarena.lt\/pl\/wp-json\/wp\/v2\/types\/page"}],"author":[{"embeddable":true,"href":"https:\/\/snowarena.lt\/pl\/wp-json\/wp\/v2\/users\/1"}],"replies":[{"embeddable":true,"href":"https:\/\/snowarena.lt\/pl\/wp-json\/wp\/v2\/comments?post=27526"}],"version-history":[{"count":13,"href":"https:\/\/snowarena.lt\/pl\/wp-json\/wp\/v2\/pages\/27526\/revisions"}],"predecessor-version":[{"id":28372,"href":"https:\/\/snowarena.lt\/pl\/wp-json\/wp\/v2\/pages\/27526\/revisions\/28372"}],"wp:attachment":[{"href":"https:\/\/snowarena.lt\/pl\/wp-json\/wp\/v2\/media?parent=27526"}],"curies":[{"name":"wp","href":"https:\/\/api.w.org\/{rel}","templated":true}]}}