{"id":27913,"date":"2024-08-27T08:23:10","date_gmt":"2024-08-27T06:23:10","guid":{"rendered":"https:\/\/snowarena.lt\/?page_id=27913"},"modified":"2025-12-12T22:00:52","modified_gmt":"2025-12-12T20:00:52","slug":"polityka-prywatnosci","status":"publish","type":"page","link":"https:\/\/snowarena.lt\/pl\/polityka-prywatnosci\/","title":{"rendered":"Polityka prywatno\u015bci"},"content":{"rendered":"\t\t<div data-elementor-type=\"wp-page\" data-elementor-id=\"27913\" class=\"elementor elementor-27913 elementor-12954\">\n\t\t\t\t\t\t<section class=\"elementor-section elementor-top-section elementor-element elementor-element-3c2fa65 elementor-section-boxed elementor-section-height-default elementor-section-height-default sc_fly_static\" data-id=\"3c2fa65\" data-element_type=\"section\">\n\t\t\t\t\t\t<div class=\"elementor-container elementor-column-gap-extended\">\n\t\t\t\t\t<div class=\"elementor-column elementor-col-100 elementor-top-column elementor-element elementor-element-f103c0e sc_content_align_inherit sc_layouts_column_icons_position_left sc_fly_static\" data-id=\"f103c0e\" data-element_type=\"column\">\n\t\t\t<div class=\"elementor-widget-wrap elementor-element-populated\">\n\t\t\t\t\t\t<div class=\"elementor-element elementor-element-8a3a54c sc_fly_static elementor-widget elementor-widget-text-editor\" data-id=\"8a3a54c\" data-element_type=\"widget\" data-widget_type=\"text-editor.default\">\n\t\t\t\t<div class=\"elementor-widget-container\">\n\t\t\t\t\t\t\t\t\t<p>UAB \u201eDruskinink\u0173 sveikatinimo ir poilsio centras AQUA\u201d rozumie, \u017ce Twoja prywatno\u015b\u0107 jest dla Ciebie wa\u017cna i \u017ce zale\u017cy Ci na tym, w jaki spos\u00f3b Twoje dane osobowe s\u0105 wykorzystywane i udost\u0119pniane w Internecie. Szanujemy i cenimy prywatno\u015b\u0107 ka\u017cdego odwiedzaj\u0105cego stron\u0119 www.snowarena.lt.<\/p><p><strong>1. Zakres tej polityki<\/strong><\/p><p>Niniejsza polityka dotyczy wy\u0142\u0105cznie strony internetowej https:\/\/snowarena.lt oraz subdomeny https:\/\/booking.snowarena.lt.<\/p><p>Nasza strona mo\u017ce zawiera\u0107 odno\u015bniki do innych witryn, jednak nie ponosimy odpowiedzialno\u015bci za polityki prywatno\u015bci tych stron.<\/p><p><strong>2. Twoje prawa<\/strong><\/p><p>2.1. Jako osoba, kt\u00f3rej dane dotycz\u0105, masz nast\u0119puj\u0105ce prawa:<\/p><p>2.1.1. prawo do informacji o danych, kt\u00f3re zbieramy;<br \/>2.1.2. prawo dost\u0119pu do danych zebranych przez Administratora Danych;<br \/>2.1.3. prawo do sprostowania danych nie\u015bcis\u0142ych, niekompletnych lub nieprawid\u0142owych;<br \/>2.1.4. prawo do bycia zapomnianym;<br \/>2.1.5. prawo do zakazania (ograniczenia) wykorzystywania danych;<br \/>2.1.6. prawo do przenoszenia danych;<br \/>2.1.7. prawo do sprzeciwu wobec wykorzystywania danych w okre\u015blonych celach;<br \/>2.1.8. prawa zwi\u0105zane z zautomatyzowanym podejmowaniem decyzji i profilowaniem.<\/p><p>2.2. W przypadku jakichkolwiek skarg mo\u017cesz zwr\u00f3ci\u0107 si\u0119 do nas bezpo\u015brednio z odpowiednim wnioskiem lub skarg\u0105, a w przypadkach przewidzianych przepisami &#8211; do Pa\u0144stwowej Inspekcji Ochrony Danych.<\/p><p><strong>3. Jakie dane zbieramy?<\/strong><\/p><p>3.1. Aby zapewni\u0107 wygodniejsze i bardziej efektywne korzystanie ze Strony oraz przekaza\u0107 przydatne oferty, stosujemy nast\u0119puj\u0105ce pliki cookie: \u201eXSRF-TOKEN\u201d (zwi\u0119kszenie bezpiecze\u0144stwa aplikacji), \u201elaravel_session\u201d (generowanie sesji), \u201eextend_reservation_in\u201d (przechowywanie czasu pozosta\u0142ego do zako\u0144czenia rezerwacji), \u201eagree_with_cookies\u201d (oznaczenie, \u017ce u\u017cytkownik wyrazi\u0142 zgod\u0119 na przechowywanie cookies), \u201e_ga\u201d i \u201e_gid\u201d (Google Analytics).<\/p><p>3.2. Je\u015bli skontaktujesz si\u0119 z nami przez e-mail, b\u0119dziemy przetwarza\u0107 Tw\u00f3j adres e-mail.<\/p><p><strong>4. Jak wykorzystujemy Twoje dane?<\/strong><\/p><p>4.1. Gdy zbieramy dane osobowe, s\u0105 one przetwarzane i przechowywane jedynie przez okres niezb\u0119dny do osi\u0105gni\u0119cia konkretnego celu, dla kt\u00f3rego je zebrano.<\/p><p>4.2. Twoje dane osobowe s\u0105 wykorzystywane do:<\/p><p>4.2.1. udzielania odpowiedzi na Twoje zapytania;<br \/>4.2.2. zapewnienia jako\u015bciowego korzystania ze strony www.snowarena.lt.<\/p><p>4.3. Wszystkie wiadomo\u015bci e-mail s\u0105 usuwane po up\u0142ywie 6 miesi\u0119cy od rozwi\u0105zania danego problemu.<\/p><p>4.4. Zawsze masz prawo wycofa\u0107 zgod\u0119 na przetwarzanie danych osobowych.<\/p><p>4.5. Nie udost\u0119pniamy Twoich danych osobowych osobom trzecim, z wyj\u0105tkiem adresu e-mail, je\u015bli wyrazi\u0142a\u015b(-e\u015b) zgod\u0119 na otrzymywanie newslettera.<\/p><p><strong>5. Jak i gdzie przechowujemy Twoje dane?<\/strong><\/p><p>5.1. Przechowujemy Twoje dane osobowe tylko tak d\u0142ugo, jak jest to konieczne i tylko dop\u00f3ki mamy Twoj\u0105 zgod\u0119.<\/p><p>5.2. Twoje dane s\u0105 przechowywane na serwerze znajduj\u0105cym si\u0119 w Republice Litewskiej.<\/p><p>5.3. Bezpiecze\u0144stwo danych jest dla nas bardzo wa\u017cne i dok\u0142adamy stara\u0144, aby je chroni\u0107. Stosujemy wszelkie mo\u017cliwe \u015brodki: szyfrowanie komunikacji mi\u0119dzy klientem a serwerem (certyfikaty HTTPS i SSL), zapory sieciowe (firewalle), sta\u0142e audyty bezpiecze\u0144stwa oraz okresowe kontrole DNSBL.<\/p><p><strong>6. Kontakt<\/strong><\/p><p>Je\u015bli masz jakiekolwiek pytania dotycz\u0105ce naszej strony www.snowarena.lt lub naszej polityki prywatno\u015bci, skontaktuj si\u0119 z nami poprzez e-mail: jovita.pivariunaite@akvapark.lt, telefonicznie: +370 614 87739 lub poczt\u0105: Vilniaus al. 13-1, Druskininkai.<\/p><p><strong>7. Zmiany w polityce prywatno\u015bci<\/strong><\/p><p>W niekt\u00f3rych przypadkach (na przyk\u0142ad w zwi\u0105zku ze zmianami przepis\u00f3w) mo\u017cemy zmieni\u0107 niniejsz\u0105 polityk\u0119 prywatno\u015bci. Wszelkie zmiany zostan\u0105 niezw\u0142ocznie opublikowane na stronie www.snowarena.lt. Moment, w kt\u00f3rym po raz pierwszy odwiedzisz stron\u0119 www.snowarena.lt po wprowadzeniu zmian, b\u0119dzie uznany za moment zapoznania si\u0119 z now\u0105 wersj\u0105 polityki. Z tego powodu zalecamy regularne sprawdzanie strony www.snowarena.lt.<\/p>\t\t\t\t\t\t\t\t<\/div>\n\t\t\t\t<\/div>\n\t\t\t\t\t<\/div>\n\t\t<\/div>\n\t\t\t\t\t<\/div>\n\t\t<\/section>\n\t\t\t\t<\/div>\n\t\t","protected":false},"excerpt":{"rendered":"<p>UAB \u201eDruskinink\u0173 sveikatinimo ir poilsio centras AQUA\u201d rozumie, \u017ce Twoja prywatno\u015b\u0107 jest dla Ciebie wa\u017cna i \u017ce zale\u017cy Ci na tym, w jaki spos\u00f3b Twoje dane osobowe s\u0105 wykorzystywane i&hellip;<\/p>\n","protected":false},"author":1,"featured_media":0,"parent":0,"menu_order":0,"comment_status":"closed","ping_status":"closed","template":"","meta":{"inline_featured_image":false,"footnotes":""},"class_list":["post-27913","page","type-page","status-publish","hentry"],"acf":[],"yoast_head":"<!-- This site is optimized with the Yoast SEO plugin v26.5 - https:\/\/yoast.com\/wordpress\/plugins\/seo\/ -->\n<title>Polityka prywatno\u015bci - Snowarena.lt<\/title>\n<meta name=\"robots\" content=\"index, follow, max-snippet:-1, max-image-preview:large, max-video-preview:-1\" \/>\n<link rel=\"canonical\" href=\"https:\/\/snowarena.lt\/pl\/polityka-prywatnosci\/\" \/>\n<meta property=\"og:locale\" content=\"pl_PL\" \/>\n<meta property=\"og:type\" content=\"article\" \/>\n<meta property=\"og:title\" content=\"Polityka prywatno\u015bci - Snowarena.lt\" \/>\n<meta property=\"og:description\" content=\"UAB \u201eDruskinink\u0173 sveikatinimo ir poilsio centras AQUA\u201d rozumie, \u017ce Twoja prywatno\u015b\u0107 jest dla Ciebie wa\u017cna i \u017ce zale\u017cy Ci na tym, w jaki spos\u00f3b Twoje dane osobowe s\u0105 wykorzystywane i&hellip;\" \/>\n<meta property=\"og:url\" content=\"https:\/\/snowarena.lt\/pl\/polityka-prywatnosci\/\" \/>\n<meta property=\"og:site_name\" content=\"Snowarena.lt\" \/>\n<meta property=\"article:modified_time\" content=\"2025-12-12T20:00:52+00:00\" \/>\n<meta name=\"twitter:card\" content=\"summary_large_image\" \/>\n<meta name=\"twitter:label1\" content=\"Szacowany czas czytania\" \/>\n\t<meta name=\"twitter:data1\" content=\"3 minuty\" \/>\n<script type=\"application\/ld+json\" class=\"yoast-schema-graph\">{\"@context\":\"https:\/\/schema.org\",\"@graph\":[{\"@type\":\"WebPage\",\"@id\":\"https:\/\/snowarena.lt\/pl\/polityka-prywatnosci\/\",\"url\":\"https:\/\/snowarena.lt\/pl\/polityka-prywatnosci\/\",\"name\":\"Polityka prywatno\u015bci - Snowarena.lt\",\"isPartOf\":{\"@id\":\"https:\/\/snowarena.lt\/pl\/#website\"},\"datePublished\":\"2024-08-27T06:23:10+00:00\",\"dateModified\":\"2025-12-12T20:00:52+00:00\",\"breadcrumb\":{\"@id\":\"https:\/\/snowarena.lt\/pl\/polityka-prywatnosci\/#breadcrumb\"},\"inLanguage\":\"pl-PL\",\"potentialAction\":[{\"@type\":\"ReadAction\",\"target\":[\"https:\/\/snowarena.lt\/pl\/polityka-prywatnosci\/\"]}]},{\"@type\":\"BreadcrumbList\",\"@id\":\"https:\/\/snowarena.lt\/pl\/polityka-prywatnosci\/#breadcrumb\",\"itemListElement\":[{\"@type\":\"ListItem\",\"position\":1,\"name\":\"Home\",\"item\":\"https:\/\/snowarena.lt\/pl\/\"},{\"@type\":\"ListItem\",\"position\":2,\"name\":\"Polityka prywatno\u015bci\"}]},{\"@type\":\"WebSite\",\"@id\":\"https:\/\/snowarena.lt\/pl\/#website\",\"url\":\"https:\/\/snowarena.lt\/pl\/\",\"name\":\"Snowarena.lt\",\"description\":\"\",\"publisher\":{\"@id\":\"https:\/\/snowarena.lt\/pl\/#organization\"},\"potentialAction\":[{\"@type\":\"SearchAction\",\"target\":{\"@type\":\"EntryPoint\",\"urlTemplate\":\"https:\/\/snowarena.lt\/pl\/?s={search_term_string}\"},\"query-input\":{\"@type\":\"PropertyValueSpecification\",\"valueRequired\":true,\"valueName\":\"search_term_string\"}}],\"inLanguage\":\"pl-PL\"},{\"@type\":\"Organization\",\"@id\":\"https:\/\/snowarena.lt\/pl\/#organization\",\"name\":\"Snowarena.lt\",\"url\":\"https:\/\/snowarena.lt\/pl\/\",\"logo\":{\"@type\":\"ImageObject\",\"inLanguage\":\"pl-PL\",\"@id\":\"https:\/\/snowarena.lt\/pl\/#\/schema\/logo\/image\/\",\"url\":\"https:\/\/snowarena.lt\/wp-content\/uploads\/2025\/02\/snowarena-logo.png\",\"contentUrl\":\"https:\/\/snowarena.lt\/wp-content\/uploads\/2025\/02\/snowarena-logo.png\",\"width\":961,\"height\":425,\"caption\":\"Snowarena.lt\"},\"image\":{\"@id\":\"https:\/\/snowarena.lt\/pl\/#\/schema\/logo\/image\/\"}}]}<\/script>\n<!-- \/ Yoast SEO plugin. -->","yoast_head_json":{"title":"Polityka prywatno\u015bci - Snowarena.lt","robots":{"index":"index","follow":"follow","max-snippet":"max-snippet:-1","max-image-preview":"max-image-preview:large","max-video-preview":"max-video-preview:-1"},"canonical":"https:\/\/snowarena.lt\/pl\/polityka-prywatnosci\/","og_locale":"pl_PL","og_type":"article","og_title":"Polityka prywatno\u015bci - Snowarena.lt","og_description":"UAB \u201eDruskinink\u0173 sveikatinimo ir poilsio centras AQUA\u201d rozumie, \u017ce Twoja prywatno\u015b\u0107 jest dla Ciebie wa\u017cna i \u017ce zale\u017cy Ci na tym, w jaki spos\u00f3b Twoje dane osobowe s\u0105 wykorzystywane i&hellip;","og_url":"https:\/\/snowarena.lt\/pl\/polityka-prywatnosci\/","og_site_name":"Snowarena.lt","article_modified_time":"2025-12-12T20:00:52+00:00","twitter_card":"summary_large_image","twitter_misc":{"Szacowany czas czytania":"3 minuty"},"schema":{"@context":"https:\/\/schema.org","@graph":[{"@type":"WebPage","@id":"https:\/\/snowarena.lt\/pl\/polityka-prywatnosci\/","url":"https:\/\/snowarena.lt\/pl\/polityka-prywatnosci\/","name":"Polityka prywatno\u015bci - Snowarena.lt","isPartOf":{"@id":"https:\/\/snowarena.lt\/pl\/#website"},"datePublished":"2024-08-27T06:23:10+00:00","dateModified":"2025-12-12T20:00:52+00:00","breadcrumb":{"@id":"https:\/\/snowarena.lt\/pl\/polityka-prywatnosci\/#breadcrumb"},"inLanguage":"pl-PL","potentialAction":[{"@type":"ReadAction","target":["https:\/\/snowarena.lt\/pl\/polityka-prywatnosci\/"]}]},{"@type":"BreadcrumbList","@id":"https:\/\/snowarena.lt\/pl\/polityka-prywatnosci\/#breadcrumb","itemListElement":[{"@type":"ListItem","position":1,"name":"Home","item":"https:\/\/snowarena.lt\/pl\/"},{"@type":"ListItem","position":2,"name":"Polityka prywatno\u015bci"}]},{"@type":"WebSite","@id":"https:\/\/snowarena.lt\/pl\/#website","url":"https:\/\/snowarena.lt\/pl\/","name":"Snowarena.lt","description":"","publisher":{"@id":"https:\/\/snowarena.lt\/pl\/#organization"},"potentialAction":[{"@type":"SearchAction","target":{"@type":"EntryPoint","urlTemplate":"https:\/\/snowarena.lt\/pl\/?s={search_term_string}"},"query-input":{"@type":"PropertyValueSpecification","valueRequired":true,"valueName":"search_term_string"}}],"inLanguage":"pl-PL"},{"@type":"Organization","@id":"https:\/\/snowarena.lt\/pl\/#organization","name":"Snowarena.lt","url":"https:\/\/snowarena.lt\/pl\/","logo":{"@type":"ImageObject","inLanguage":"pl-PL","@id":"https:\/\/snowarena.lt\/pl\/#\/schema\/logo\/image\/","url":"https:\/\/snowarena.lt\/wp-content\/uploads\/2025\/02\/snowarena-logo.png","contentUrl":"https:\/\/snowarena.lt\/wp-content\/uploads\/2025\/02\/snowarena-logo.png","width":961,"height":425,"caption":"Snowarena.lt"},"image":{"@id":"https:\/\/snowarena.lt\/pl\/#\/schema\/logo\/image\/"}}]}},"_links":{"self":[{"href":"https:\/\/snowarena.lt\/pl\/wp-json\/wp\/v2\/pages\/27913","targetHints":{"allow":["GET"]}}],"collection":[{"href":"https:\/\/snowarena.lt\/pl\/wp-json\/wp\/v2\/pages"}],"about":[{"href":"https:\/\/snowarena.lt\/pl\/wp-json\/wp\/v2\/types\/page"}],"author":[{"embeddable":true,"href":"https:\/\/snowarena.lt\/pl\/wp-json\/wp\/v2\/users\/1"}],"replies":[{"embeddable":true,"href":"https:\/\/snowarena.lt\/pl\/wp-json\/wp\/v2\/comments?post=27913"}],"version-history":[{"count":5,"href":"https:\/\/snowarena.lt\/pl\/wp-json\/wp\/v2\/pages\/27913\/revisions"}],"predecessor-version":[{"id":27918,"href":"https:\/\/snowarena.lt\/pl\/wp-json\/wp\/v2\/pages\/27913\/revisions\/27918"}],"wp:attachment":[{"href":"https:\/\/snowarena.lt\/pl\/wp-json\/wp\/v2\/media?parent=27913"}],"curies":[{"name":"wp","href":"https:\/\/api.w.org\/{rel}","templated":true}]}}